{"id":23,"date":"2025-04-11T12:52:07","date_gmt":"2025-04-11T09:52:07","guid":{"rendered":"https:\/\/usta.ustalar.com.tr\/?p=23"},"modified":"2025-04-11T20:25:08","modified_gmt":"2025-04-11T17:25:08","slug":"bridal-dress","status":"publish","type":"product","link":"https:\/\/usta.ustalar.com.tr\/?product=bridal-dress","title":{"rendered":"Kalite Y\u00f6netim Dan\u0131\u015fmanl\u0131\u011f\u0131"},"content":{"rendered":"<p>\u0131so 9001 :2015 , \u0131so 22000:2015 ve ce dan\u0131\u015famnl\u0131\u011f\u0131nda y\u0131llar\u0131n \u00f6nc\u00fcs\u00fc , D\u00f6k\u00fcman dosyalar\u0131n haz\u0131rlanmas\u0131, denetim ve belgelendirme ile sizlerin hizmetinizdeyiz.<\/p>\n<p>&nbsp;<\/p>\n","protected":false},"excerpt":{"rendered":"<p>\u0131so 9001 :2015 , \u0131so 22000:2015 ve ce dan\u0131\u015famnl\u0131\u011f\u0131nda y\u0131llar\u0131n \u00f6nc\u00fcs\u00fc , D\u00f6k\u00fcman dosyalar\u0131n haz\u0131rlanmas\u0131, denetim ve belgelendirme ile sizlerin hizmetinizdeyiz.<\/p>\n","protected":false},"featured_media":37,"comment_status":"closed","ping_status":"closed","template":"","meta":[],"product_brand":[],"product_cat":[43],"product_tag":[47,45,46,48],"class_list":{"0":"post-23","1":"product","2":"type-product","3":"status-publish","4":"has-post-thumbnail","6":"product_cat-danismanlik","7":"product_tag-belgelendirme","8":"product_tag-danismanlik","9":"product_tag-kalite","10":"product_tag-ustalar","12":"first","13":"instock","14":"downloadable","15":"shipping-taxable","16":"product-type-simple"},"_links":{"self":[{"href":"https:\/\/usta.ustalar.com.tr\/index.php?rest_route=\/wp\/v2\/product\/23","targetHints":{"allow":["GET"]}}],"collection":[{"href":"https:\/\/usta.ustalar.com.tr\/index.php?rest_route=\/wp\/v2\/product"}],"about":[{"href":"https:\/\/usta.ustalar.com.tr\/index.php?rest_route=\/wp\/v2\/types\/product"}],"replies":[{"embeddable":true,"href":"https:\/\/usta.ustalar.com.tr\/index.php?rest_route=%2Fwp%2Fv2%2Fcomments&post=23"}],"wp:featuredmedia":[{"embeddable":true,"href":"https:\/\/usta.ustalar.com.tr\/index.php?rest_route=\/wp\/v2\/media\/37"}],"wp:attachment":[{"href":"https:\/\/usta.ustalar.com.tr\/index.php?rest_route=%2Fwp%2Fv2%2Fmedia&parent=23"}],"wp:term":[{"taxonomy":"product_brand","embeddable":true,"href":"https:\/\/usta.ustalar.com.tr\/index.php?rest_route=%2Fwp%2Fv2%2Fproduct_brand&post=23"},{"taxonomy":"product_cat","embeddable":true,"href":"https:\/\/usta.ustalar.com.tr\/index.php?rest_route=%2Fwp%2Fv2%2Fproduct_cat&post=23"},{"taxonomy":"product_tag","embeddable":true,"href":"https:\/\/usta.ustalar.com.tr\/index.php?rest_route=%2Fwp%2Fv2%2Fproduct_tag&post=23"}],"curies":[{"name":"wp","href":"https:\/\/api.w.org\/{rel}","templated":true}]}}